{"id":2720,"date":"2024-01-06T18:20:11","date_gmt":"2024-01-06T18:20:11","guid":{"rendered":"https:\/\/wordpress.validthemes.net\/agrica\/?page_id=2720"},"modified":"2025-01-25T11:25:15","modified_gmt":"2025-01-25T11:25:15","slug":"mycotoxines","status":"publish","type":"page","link":"https:\/\/agro-kon.pl\/fr\/mycotoxines\/","title":{"rendered":"Mycotoxines"},"content":{"rendered":"\t\t<div data-elementor-type=\"wp-page\" data-elementor-id=\"2720\" class=\"elementor elementor-2720\">\n\t\t\t\t<div class=\"elementor-element elementor-element-dfc197b e-con-full e-flex e-con e-parent\" data-id=\"dfc197b\" data-element_type=\"container\" data-settings=\"{&quot;background_background&quot;:&quot;classic&quot;}\">\n\t\t\t\t<div class=\"elementor-element elementor-element-adec72d elementor-widget elementor-widget-agricaaboutus\" data-id=\"adec72d\" data-element_type=\"widget\" data-widget_type=\"agricaaboutus.default\">\n\t\t\t\t<div class=\"elementor-widget-container\">\n\t\t\t\t\t<div class=\"feature-style-two-area default-padding\"><div class=\"container\"><div class=\"feature-style-two-items\"><!-- Single Item --><div class=\"feature-style-two info text-light bg-dark\" style=\"background-image: url(https:\/\/wordpress.validthemes.net\/agrica\/wp-content\/uploads\/2024\/01\/19-1.png);\"><div class=\"info\"><h4 class=\"sub-title vt-title\">Que sont les mycotoxines?<\/h4><h2 class=\"title mb-25\">Ce sont des toxines produites par certaines esp\u00e8ces de champignons.<\/h2><p class=\"vt-desc\">Actuellement, les mycotoxines sont les m\u00e9tabolites de champignons microscopiques qui sont toxiques pour les humains, les animaux, les plantes et les micro-organismes.<\/p><\/div><\/div><!-- End Single Item --><!-- Single Item --><div class=\"feature-style-two\"><div class=\"product-feature-item\"><div class=\"thumb\"><img decoding=\"async\" src=\"https:\/\/agro-kon.pl\/fr\/wp-content\/uploads\/2025\/01\/myko1.png\" alt=\"Konrad%20Kaczmarczyk%20AGRO KON\"  \/><\/div><\/div><div class=\"product-feature-item\"><div class=\"thumb\"><img decoding=\"async\" src=\"https:\/\/agro-kon.pl\/fr\/wp-content\/uploads\/2025\/01\/myko2.png\" alt=\"Konrad%20Kaczmarczyk%20AGRO KON\"  \/><\/div><\/div><\/div><!-- End Single Item --><!-- Single Item --><div class=\"feature-style-two\"><div class=\"product-feature-item\"><div class=\"thumb\"><img decoding=\"async\" src=\"https:\/\/agro-kon.pl\/fr\/wp-content\/uploads\/2025\/01\/myko3.png\" alt=\"Konrad%20Kaczmarczyk%20AGRO KON\"  \/><\/div><h4 class=\"vt-f-title\"><a href=\"\"><\/a><\/h4><\/div><div class=\"product-feature-item\"><div class=\"thumb\"><img decoding=\"async\" src=\"https:\/\/agro-kon.pl\/fr\/wp-content\/uploads\/2025\/01\/myko4.png\" alt=\"Konrad%20Kaczmarczyk%20AGRO KON\"  \/><\/div><\/div><\/div><!-- End Single Item --><\/div><\/div><\/div>\t\t\t\t<\/div>\n\t\t\t\t<\/div>\n\t\t\t\t<\/div>\n\t\t<div class=\"elementor-element elementor-element-0657abd e-con-full e-flex e-con e-parent\" data-id=\"0657abd\" data-element_type=\"container\">\n\t\t\t\t<div class=\"elementor-element elementor-element-e6e71f1 elementor-widget elementor-widget-agricachoseus\" data-id=\"e6e71f1\" data-element_type=\"widget\" data-widget_type=\"agricachoseus.default\">\n\t\t\t\t<div class=\"elementor-widget-container\">\n\t\t\t\t\t<div class=\"choose-us-style-one-area \"><div class=\"container\"><div class=\"row align-center\"><div class=\"col-xl-5 col-lg-5\"><div class=\"choose-us-thumb\"><img decoding=\"async\" src=\"https:\/\/wordpress.validthemes.net\/agrica\/wp-content\/uploads\/2024\/01\/9-3.png\" alt=\"Konrad%20Kaczmarczyk%20AGRO KON\"  \/><\/div><\/div><div class=\"col-xl-6 offset-xl-1 col-lg-7\"><div class=\"achivement-items\"><ul class=\"list-details\"><li><h4 class=\"vt-f-title\">La plus haute qualit\u00e9<\/h4><p class=\"vt-f-text\">Notre entreprise est sp\u00e9cialis\u00e9e dans la r\u00e9alisation de tests d\u00e9taill\u00e9s sur les grains pour d\u00e9tecter la pr\u00e9sence de mycotoxines.<\/p><\/li><li><h4 class=\"vt-f-title\">Technologies modernes<\/h4><p class=\"vt-f-text\">Nous offrons un service complet d&#039;analyse d&#039;\u00e9chantillons de grains, garantissant des r\u00e9sultats pr\u00e9cis gr\u00e2ce \u00e0 des technologies modernes et une \u00e9quipe d&#039;experts sp\u00e9cialis\u00e9s.<\/p><\/li><\/ul><div class=\"achivement-content\"> <div class=\"item\"><div class=\"progressbar\"><div class=\"circle\" data-percent=\"100\"><strong><\/strong><\/div><\/div><h4 class=\"vt-c-title\">efficacit\u00e9<\/h4><\/div> <div class=\"item\"><div class=\"progressbar\"><div class=\"circle\" data-percent=\"100\"><strong><\/strong><\/div><\/div><h4 class=\"vt-c-title\">satisfaction<\/h4><\/div><\/div><\/div><\/div><\/div><\/div><\/div>\t\t\t\t<\/div>\n\t\t\t\t<\/div>\n\t\t\t\t<\/div>\n\t\t<div class=\"elementor-element elementor-element-9991584 e-con-full e-flex e-con e-parent\" data-id=\"9991584\" data-element_type=\"container\" data-settings=\"{&quot;background_background&quot;:&quot;classic&quot;}\">\n\t\t\t\t<div class=\"elementor-element elementor-element-75c9578 elementor-widget elementor-widget-agricafaq\" data-id=\"75c9578\" data-element_type=\"widget\" data-widget_type=\"agricafaq.default\">\n\t\t\t\t<div class=\"elementor-widget-container\">\n\t\t\t\t\t<div class=\"feq-style-one-area\"><div class=\"container\"><div class=\"row align-center\"><div class=\"col-lg-5\"><div class=\"thumb-style-two\"><img decoding=\"async\" src=\"https:\/\/agro-kon.pl\/fr\/wp-content\/uploads\/2025\/01\/wheat-2024-11-27-22-48-24-utc-scaled.jpg\" alt=\"Konrad%20Kaczmarczyk%20AGRO KON\"  \/><h2><strong>F<\/strong>AQ<\/h2><\/div><\/div><div class=\"col-lg-5 offset-lg-1\"><div class=\"faq-style-one-info\"><h2 class=\"title\">Quelle est l\u2019importance de l\u2019\u00e9limination des mycotoxines?<\/h2><div class=\"accordion accordion-regular mt-35 mt-xs-15\" id=\"faqAccordion\"><div class=\"faq-style-one\"><h2 class=\"accordion-header\" id=\"heading1\"><button class=\"accordion-button  \" type=\"button\" data-bs-toggle=\"collapse\" data-bs-target=\"#collapse1\" aria-expanded=\"true\" aria-controls=\"collapse1\">Dangers des mycotoxines<\/button><\/h2><div id=\"collapse1\" class=\"accordion-collapse collapse show\" aria-labelledby=\"heading1\" data-bs-parent=\"#faqAccordion\"><div class=\"accordion-body\"><p>Les mycotoxines sont des produits chimiques toxiques produits par des moisissures qui peuvent se d\u00e9velopper sur les c\u00e9r\u00e9ales, les fruits, les noix et d\u2019autres produits agricoles, en particulier dans des conditions de forte humidit\u00e9 et de chaleur. Leur pr\u00e9sence constitue une menace s\u00e9rieuse pour la sant\u00e9 humaine et animale ainsi que pour la qualit\u00e9 des produits alimentaires et des aliments pour animaux.<\/p><\/div><\/div><\/div><div class=\"faq-style-one\"><h2 class=\"accordion-header\" id=\"heading2\"><button class=\"accordion-button  collapsed\" type=\"button\" data-bs-toggle=\"collapse\" data-bs-target=\"#collapse2\" aria-expanded=\"false\" aria-controls=\"collapse2\">Pourquoi faisons-nous cela ?<\/button><\/h2><div id=\"collapse2\" class=\"accordion-collapse collapse \" aria-labelledby=\"heading2\" data-bs-parent=\"#faqAccordion\"><div class=\"accordion-body\"><p>En effectuant r\u00e9guli\u00e8rement des tests de d\u00e9tection des mycotoxines, nous pouvons garantir la s\u00e9curit\u00e9 des aliments et des aliments pour animaux, prot\u00e9geant ainsi la sant\u00e9 humaine et animale. Le contr\u00f4le de la qualit\u00e9 des produits agricoles est crucial pour \u00e9viter les effets n\u00e9gatifs de leur consommation.<\/p><\/div><\/div><\/div><div class=\"faq-style-one\"><h2 class=\"accordion-header\" id=\"heading3\"><button class=\"accordion-button  collapsed\" type=\"button\" data-bs-toggle=\"collapse\" data-bs-target=\"#collapse3\" aria-expanded=\"false\" aria-controls=\"collapse3\">Probl\u00e8mes de sant\u00e9 chez les humains<\/button><\/h2><div id=\"collapse3\" class=\"accordion-collapse collapse \" aria-labelledby=\"heading3\" data-bs-parent=\"#faqAccordion\"><div class=\"accordion-body\"><p>Certaines mycotoxines, comme les aflatoxines, sont de puissants canc\u00e9rig\u00e8nes et leur consommation \u00e0 long terme peut entra\u00eener des l\u00e9sions h\u00e9patiques, une diminution de l\u2019immunit\u00e9 et m\u00eame un risque accru de d\u00e9velopper un cancer. D\u2019autres, comme les ochratoxines, peuvent endommager les reins et le syst\u00e8me respiratoire.<\/p><\/div><\/div><\/div><div class=\"faq-style-one\"><h2 class=\"accordion-header\" id=\"heading4\"><button class=\"accordion-button  collapsed\" type=\"button\" data-bs-toggle=\"collapse\" data-bs-target=\"#collapse4\" aria-expanded=\"false\" aria-controls=\"collapse4\">Empoisonnement animal<\/button><\/h2><div id=\"collapse4\" class=\"accordion-collapse collapse \" aria-labelledby=\"heading4\" data-bs-parent=\"#faqAccordion\"><div class=\"accordion-body\"><p>La consommation d\u2019aliments contamin\u00e9s par des mycotoxines peut entra\u00eener des maladies chez les animaux d\u2019\u00e9levage, telles qu\u2019une diminution de l\u2019app\u00e9tit, une diminution de la production laiti\u00e8re, un retard de d\u00e9veloppement ou des probl\u00e8mes de fertilit\u00e9. Les mycotoxines peuvent \u00e9galement p\u00e9n\u00e9trer dans les produits d\u2019origine animale, pr\u00e9sentant un risque pour l\u2019homme.<\/p><\/div><\/div><\/div><div class=\"faq-style-one\"><h2 class=\"accordion-header\" id=\"heading5\"><button class=\"accordion-button  collapsed\" type=\"button\" data-bs-toggle=\"collapse\" data-bs-target=\"#collapse5\" aria-expanded=\"false\" aria-controls=\"collapse5\">Contamination du produit<\/button><\/h2><div id=\"collapse5\" class=\"accordion-collapse collapse \" aria-labelledby=\"heading5\" data-bs-parent=\"#faqAccordion\"><div class=\"accordion-body\"><p>Les mycotoxines peuvent contaminer les aliments \u00e0 chaque \u00e9tape de la production, de la r\u00e9colte \u00e0 la transformation et au stockage. Les produits contamin\u00e9s peuvent ne pas r\u00e9pondre aux exigences de qualit\u00e9 et pr\u00e9senter un risque pour les consommateurs.<\/p><\/div><\/div><\/div><\/div><\/div><\/div><\/div><\/div><\/div>\t\t\t\t<\/div>\n\t\t\t\t<\/div>\n\t\t\t\t<div class=\"elementor-element elementor-element-4d7b68a elementor-widget elementor-widget-agricaaboutus\" data-id=\"4d7b68a\" data-element_type=\"widget\" data-widget_type=\"agricaaboutus.default\">\n\t\t\t\t<div class=\"elementor-widget-container\">\n\t\t\t\t\t<div class=\"feature-style-one-area default-padding\" style=\"background-image: url();\"><div class=\"container\"><div class=\"row align-center\"><div class=\"col-xl-6 col-lg-6 pl-50 pr-50 pl-md-15 pr-md-15 pl-xs-15 pr-xs-15\"><div class=\"feature-style-one-info\"><p class=\"vt-desc\">Nous utilisons une technologie de pointe, notamment les kits d\u2019analyse Raptor et Reveal Q+ de NOACK, qui nous permettent d\u2019obtenir des r\u00e9sultats pr\u00e9cis et fiables qui d\u00e9terminent la qualit\u00e9 du produit.<\/p><\/div><\/div><div class=\"col-xl-3 col-lg-12\"><div class=\"featured-product\"><!-- Single Item --><div class=\"product-list-item\"><a href=\"\"><img decoding=\"async\" src=\"https:\/\/agro-kon.pl\/fr\/wp-content\/uploads\/2025\/01\/wheat_hires.png\" alt=\"Konrad%20Kaczmarczyk%20AGRO KON\"  \/><h5 class=\"vt-f-title\">Que faisons-nous pour les \u00e9liminer?<\/h5><\/a><\/div><!-- End Single Item --><\/div><\/div><\/div><\/div><\/div>\t\t\t\t<\/div>\n\t\t\t\t<\/div>\n\t\t\t\t<\/div>\n\t\t\t\t<\/div>\n\t\t","protected":false},"excerpt":{"rendered":"<p>Que sont les mycotoxines? Ce sont des toxines produites par certaines esp\u00e8ces de champignons. Actuellement, les mycotoxines sont les m\u00e9tabolites de champignons microscopiques qui sont toxiques pour les humains, les animaux, les plantes et les micro-organismes. La plus haute qualit\u00e9 Notre entreprise est sp\u00e9cialis\u00e9e dans la r\u00e9alisation de tests d\u00e9taill\u00e9s sur les grains pour d\u00e9tecter&#8230;<\/p>\n","protected":false},"author":1,"featured_media":0,"parent":0,"menu_order":0,"comment_status":"closed","ping_status":"closed","template":"template-builder.php","meta":{"footnotes":""},"class_list":["post-2720","page","type-page","status-publish","hentry"],"_links":{"self":[{"href":"https:\/\/agro-kon.pl\/fr\/wp-json\/wp\/v2\/pages\/2720","targetHints":{"allow":["GET"]}}],"collection":[{"href":"https:\/\/agro-kon.pl\/fr\/wp-json\/wp\/v2\/pages"}],"about":[{"href":"https:\/\/agro-kon.pl\/fr\/wp-json\/wp\/v2\/types\/page"}],"author":[{"embeddable":true,"href":"https:\/\/agro-kon.pl\/fr\/wp-json\/wp\/v2\/users\/1"}],"replies":[{"embeddable":true,"href":"https:\/\/agro-kon.pl\/fr\/wp-json\/wp\/v2\/comments?post=2720"}],"version-history":[{"count":21,"href":"https:\/\/agro-kon.pl\/fr\/wp-json\/wp\/v2\/pages\/2720\/revisions"}],"predecessor-version":[{"id":3270,"href":"https:\/\/agro-kon.pl\/fr\/wp-json\/wp\/v2\/pages\/2720\/revisions\/3270"}],"wp:attachment":[{"href":"https:\/\/agro-kon.pl\/fr\/wp-json\/wp\/v2\/media?parent=2720"}],"curies":[{"name":"wp","href":"https:\/\/api.w.org\/{rel}","templated":true}]}}