{"id":2743,"date":"2024-01-10T16:29:37","date_gmt":"2024-01-10T16:29:37","guid":{"rendered":"https:\/\/wordpress.validthemes.net\/agrica\/?page_id=2743"},"modified":"2025-01-25T11:32:46","modified_gmt":"2025-01-25T11:32:46","slug":"services","status":"publish","type":"page","link":"https:\/\/agro-kon.pl\/fr\/services\/","title":{"rendered":"Services"},"content":{"rendered":"\t\t<div data-elementor-type=\"wp-page\" data-elementor-id=\"2743\" class=\"elementor elementor-2743\">\n\t\t\t\t<div class=\"elementor-element elementor-element-f765597 services-details-area e-flex e-con-boxed e-con e-parent\" data-id=\"f765597\" data-element_type=\"container\">\n\t\t\t\t\t<div class=\"e-con-inner\">\n\t\t<div class=\"elementor-element elementor-element-aab034d e-con-full e-flex e-con e-child\" data-id=\"aab034d\" data-element_type=\"container\">\n\t\t\t\t<div class=\"elementor-element elementor-element-a1a3172 elementor-widget elementor-widget-text-editor\" data-id=\"a1a3172\" data-element_type=\"widget\" data-widget_type=\"text-editor.default\">\n\t\t\t\t<div class=\"elementor-widget-container\">\n\t\t\t\t\t\t\t\t\t<div class=\"single-widget quick-contact-widget text-light\" style=\"background-image: url('https:\/\/agro-kon.pl\/fr\/wp-content\/uploads\/2025\/01\/menu1-scaled.jpg');\">\n<div class=\"content\">\n<h3>Besoin d&#8217;aide?<\/h3>\n<p>Nous sommes \u00e0 votre disposition !<\/p>\n<h2>+48 515 459 018<\/h2>\n<h4>biuro.agrokon@gmail.com<\/h4>\n<p>\u00c9crivez-nous !<\/p>\n<\/div>\n<\/div>\t\t\t\t\t\t\t\t<\/div>\n\t\t\t\t<\/div>\n\t\t\t\t<\/div>\n\t\t<div class=\"elementor-element elementor-element-73cd1e8 e-con-full e-flex e-con e-child\" data-id=\"73cd1e8\" data-element_type=\"container\">\n\t\t\t\t<div class=\"elementor-element elementor-element-d9334ec thumb elementor-widget elementor-widget-image\" data-id=\"d9334ec\" data-element_type=\"widget\" data-widget_type=\"image.default\">\n\t\t\t\t<div class=\"elementor-widget-container\">\n\t\t\t\t\t\t\t\t\t\t\t\t\t\t\t<img fetchpriority=\"high\" decoding=\"async\" width=\"2560\" height=\"1578\" src=\"https:\/\/agro-kon.pl\/fr\/wp-content\/uploads\/2025\/01\/harvester-machine-2023-11-27-05-24-17-utc-scaled.jpg\" class=\"attachment-full size-full wp-image-3170\" alt=\"\" srcset=\"https:\/\/agro-kon.pl\/fr\/wp-content\/uploads\/2025\/01\/harvester-machine-2023-11-27-05-24-17-utc-scaled.jpg 2560w, https:\/\/agro-kon.pl\/fr\/wp-content\/uploads\/2025\/01\/harvester-machine-2023-11-27-05-24-17-utc-300x185.jpg 300w, https:\/\/agro-kon.pl\/fr\/wp-content\/uploads\/2025\/01\/harvester-machine-2023-11-27-05-24-17-utc-1024x631.jpg 1024w, https:\/\/agro-kon.pl\/fr\/wp-content\/uploads\/2025\/01\/harvester-machine-2023-11-27-05-24-17-utc-768x474.jpg 768w, https:\/\/agro-kon.pl\/fr\/wp-content\/uploads\/2025\/01\/harvester-machine-2023-11-27-05-24-17-utc-1536x947.jpg 1536w, https:\/\/agro-kon.pl\/fr\/wp-content\/uploads\/2025\/01\/harvester-machine-2023-11-27-05-24-17-utc-2048x1263.jpg 2048w\" sizes=\"(max-width: 2560px) 100vw, 2560px\" \/>\t\t\t\t\t\t\t\t\t\t\t\t\t\t\t<\/div>\n\t\t\t\t<\/div>\n\t\t\t\t<div class=\"elementor-element elementor-element-1694d78 elementor-widget elementor-widget-text-editor\" data-id=\"1694d78\" data-element_type=\"widget\" data-widget_type=\"text-editor.default\">\n\t\t\t\t<div class=\"elementor-widget-container\">\n\t\t\t\t\t\t\t\t\t<h2>AGRO-KON<br \/>Votre soutien de confiance en agriculture<\/h2>\n<p>Notre entreprise est synonyme de qualit\u00e9, d\u2019innovation et de fiabilit\u00e9 dans le secteur agricole. Nous sommes fiers d\u2019offrir des services complets qui accompagnent nos clients \u00e0 chaque \u00e9tape du stockage et du commerce des produits agricoles.<\/p>\n<div class=\"features mt-40 mt-xs-30 mb-30 mb-xs-20\">\n<div class=\"row\">\n<div class=\"col-xl-5 col-lg-12 col-md-6\">\n<div class=\"content\">\n<h3>Ce que nous faisons<\/h3>\n<ul class=\"feature-list-item\">\n<li>Achat et vente<\/li>\n<li>Nettoyage<\/li>\n<li>Test<\/li>\n<li>S\u00e9chage<\/li>\n<li>Stockage<\/li>\n<\/ul>\n<\/div>\n<\/div>\n<div class=\"col-xl-7 col-lg-12 col-md-6 mt-xs-30\">\n<div class=\"content\">\n<h3>Comment travaillons-nous?<\/h3>\n<p>Nous travaillons du lundi au vendredi, de 7h \u00e0 18h.<\/p>\n<p>Durant la saison, nous sommes \u00e0 votre disposition 7 jours sur 7, 24 heures sur 24 !<\/p>\n<\/div>\n<\/div>\n<\/div>\n<\/div>\n<blockquote>\n<p>L&#8217;agriculture est l&#8217;art de puiser dans la nature pour nourrir le monde.<\/p>\n<\/blockquote>\n<h3>Infrastructure d&#8217;entrep\u00f4t moderne<\/h3>\n<p>Nous disposons d\u2019un vaste parc d\u2019entrep\u00f4ts, comprenant des silos de grande capacit\u00e9 et des entrep\u00f4ts plats adapt\u00e9s au stockage de divers types de c\u00e9r\u00e9ales et d\u2019aliments pour animaux. Nos installations sont constamment contr\u00f4l\u00e9es pour garantir des conditions de stockage optimales et donc la plus haute qualit\u00e9 de produit.<\/p>\n<h3>Services de transport et de collecte de c\u00e9r\u00e9ales aupr\u00e8s du client<\/h3>\n<p>Nous sommes conscients de l&#8217;importance du temps et de la commodit\u00e9 de nos partenaires, c&#8217;est pourquoi nous proposons des services de transport professionnels et la possibilit\u00e9 de r\u00e9cup\u00e9rer le grain directement aupr\u00e8s du client. Gr\u00e2ce \u00e0 notre soutien logistique, le processus se d\u00e9roule sans probl\u00e8me et dans les d\u00e9lais.<\/p>\n<h3>Les derni\u00e8res technologies de recherche<\/h3>\n<p>Nous nous soucions de la qualit\u00e9 des produits que nous vendons, en utilisant des technologies de recherche avanc\u00e9es. Nos laboratoires sont \u00e9quip\u00e9s d&#8217;appareils permettant un contr\u00f4le pr\u00e9cis des param\u00e8tres de qualit\u00e9, ce qui garantit le respect des normes les plus \u00e9lev\u00e9es.<\/p>\n<h3>Syst\u00e8me de gestion de la qualit\u00e9 certifi\u00e9<\/h3>\n<p>Nous avons mis en place et maintenons un plan HACCP, conforme aux certificats internationaux GMP+. Cela garantit que tous nos processus sont r\u00e9alis\u00e9s conform\u00e9ment \u00e0 des normes strictes de s\u00e9curit\u00e9 alimentaire.<\/p>\n<h3>Audit et entretien des infrastructures<\/h3>\n<p>Nous effectuons r\u00e9guli\u00e8rement des audits internes pour contr\u00f4ler la qualit\u00e9 de nos processus, des revues d&#8217;infrastructures pour les maintenir en parfait \u00e9tat et un nettoyage des entrep\u00f4ts pour garantir le plus haut niveau d&#8217;hygi\u00e8ne.<\/p>\n<h3>Pourquoi nous ?<\/h3>\n<p>Nous mettons l&#8217;accent sur la qualit\u00e9, l&#8217;innovation et le partenariat. Nos nombreuses ann\u00e9es d\u2019exp\u00e9rience, appuy\u00e9es par notre engagement et les derni\u00e8res technologies, nous permettent d\u2019\u00eatre un partenaire de confiance pour les agriculteurs et les entreprises.<\/p>\t\t\t\t\t\t\t\t<\/div>\n\t\t\t\t<\/div>\n\t\t\t\t<div class=\"elementor-element elementor-element-953fcdc elementor-widget elementor-widget-agricafaq\" data-id=\"953fcdc\" data-element_type=\"widget\" data-widget_type=\"agricafaq.default\">\n\t\t\t\t<div class=\"elementor-widget-container\">\n\t\t\t\t\t<div class=\"common-faq mt-40\"><h2 class=\"mb-25\">Nous sommes l\u00e0 pour vous aider<\/h2><div class=\"accordion accordion-style-two-items\" id=\"faqAccordion\"><div class=\"accordion-style-two\"><h2 class=\"accordion-header\" id=\"heading1\"><button class=\"accordion-button  \" type=\"button\" data-bs-toggle=\"collapse\" data-bs-target=\"#collapse1\" aria-expanded=\"true\" aria-controls=\"collapse1\">Que sont les mycotoxines ?<\/button><\/h2><div id=\"collapse1\" class=\"accordion-collapse collapse show\" aria-labelledby=\"heading1\" data-bs-parent=\"#faqAccordion\"><div class=\"accordion-body\"><p>Les mycotoxines sont des compos\u00e9s chimiques toxiques produits par certaines esp\u00e8ces de moisissures (champignons) qui se d\u00e9veloppent sur des produits v\u00e9g\u00e9taux ou animaux dans des conditions humides et chaudes. Ils sont dangereux pour les humains et les animaux, et leur consommation peut entra\u00eener de graves probl\u00e8mes de sant\u00e9 tels que des l\u00e9sions h\u00e9patiques et nerveuses, ainsi que le cancer.<\/p><\/div><\/div><\/div><div class=\"accordion-style-two\"><h2 class=\"accordion-header\" id=\"heading2\"><button class=\"accordion-button  collapsed\" type=\"button\" data-bs-toggle=\"collapse\" data-bs-target=\"#collapse2\" aria-expanded=\"false\" aria-controls=\"collapse2\">Comment pouvons-nous vous prot\u00e9ger d\u2019eux ?<\/button><\/h2><div id=\"collapse2\" class=\"accordion-collapse collapse \" aria-labelledby=\"heading2\" data-bs-parent=\"#faqAccordion\"><div class=\"accordion-body\"><p>Nous utilisons des techniques de pointe pour d\u00e9tecter toute contamination potentielle dans les grains que nous manipulons.<\/p><\/div><\/div><\/div><div class=\"accordion-style-two\"><h2 class=\"accordion-header\" id=\"heading3\"><button class=\"accordion-button  collapsed\" type=\"button\" data-bs-toggle=\"collapse\" data-bs-target=\"#collapse3\" aria-expanded=\"false\" aria-controls=\"collapse3\">Nous utilisons la plateforme d&#039;analyse int\u00e9gr\u00e9e Raptor. Qu&#039;est-ce que c&#039;est?<\/button><\/h2><div id=\"collapse3\" class=\"accordion-collapse collapse \" aria-labelledby=\"heading3\" data-bs-parent=\"#faqAccordion\"><div class=\"accordion-body\"><p>La plateforme analytique Raptor est un syst\u00e8me informatique utilis\u00e9 en agriculture, notamment pour l&#039;analyse de donn\u00e9es li\u00e9es \u00e0 la production agricole, notamment aux cultures c\u00e9r\u00e9ali\u00e8res. Raptor, en tant que plateforme analytique, nous aide \u00e0 prendre des d\u00e9cisions plus \u00e9clair\u00e9es et plus pr\u00e9cises, conduisant \u00e0 une efficacit\u00e9 accrue des cultures, \u00e0 une meilleure qualit\u00e9 des cultures et \u00e0 une meilleure gestion des ressources.<\/p><\/div><\/div><\/div><div class=\"accordion-style-two\"><h2 class=\"accordion-header\" id=\"heading4\"><button class=\"accordion-button  collapsed\" type=\"button\" data-bs-toggle=\"collapse\" data-bs-target=\"#collapse4\" aria-expanded=\"false\" aria-controls=\"collapse4\">Nous avons mis en place un plan HACCP. Comment \u00e7a marche ?<\/button><\/h2><div id=\"collapse4\" class=\"accordion-collapse collapse \" aria-labelledby=\"heading4\" data-bs-parent=\"#faqAccordion\"><div class=\"accordion-body\"><p>L&#039;analyse des risques et points critiques pour leur ma\u00eetrise (HACCP) est un syst\u00e8me de gestion qui vise \u00e0 garantir la s\u00e9curit\u00e9 des aliments et des aliments pour animaux. Elle repose sur l\u2019identification, l\u2019\u00e9valuation et la ma\u00eetrise des dangers pouvant survenir \u00e0 chaque \u00e9tape du processus de production, de transformation, de stockage et de distribution.<\/p><\/div><\/div><\/div><div class=\"accordion-style-two\"><h2 class=\"accordion-header\" id=\"heading5\"><button class=\"accordion-button  collapsed\" type=\"button\" data-bs-toggle=\"collapse\" data-bs-target=\"#collapse5\" aria-expanded=\"false\" aria-controls=\"collapse5\">Nous avons un certificat GMP+<\/button><\/h2><div id=\"collapse5\" class=\"accordion-collapse collapse \" aria-labelledby=\"heading5\" data-bs-parent=\"#faqAccordion\"><div class=\"accordion-body\"><p>GMP+ FRA (Feed Responsibility Assurance) est une norme de s\u00e9curit\u00e9 des aliments pour animaux et un syst\u00e8me de certification qui met l&#039;accent sur la responsabilit\u00e9 sociale, la durabilit\u00e9 et la qualit\u00e9 dans la cha\u00eene d&#039;approvisionnement des aliments pour animaux. Il fait partie du syst\u00e8me plus large GMP+ FSA (Feed Safety Assurance), mais dans le cas du GMP+ FRA, l&#039;accent est davantage mis sur les aspects \u00e9thiques et environnementaux.<\/p><\/div><\/div><\/div><\/div><\/div>\t\t\t\t<\/div>\n\t\t\t\t<\/div>\n\t\t\t\t<\/div>\n\t\t\t\t\t<\/div>\n\t\t\t\t<\/div>\n\t\t<div class=\"elementor-element elementor-element-51da3c2 e-flex e-con-boxed e-con e-parent\" data-id=\"51da3c2\" data-element_type=\"container\">\n\t\t\t\t\t<div class=\"e-con-inner\">\n\t\t\t\t<div class=\"elementor-element elementor-element-50765b0 elementor-widget elementor-widget-image\" data-id=\"50765b0\" data-element_type=\"widget\" data-widget_type=\"image.default\">\n\t\t\t\t<div class=\"elementor-widget-container\">\n\t\t\t\t\t\t\t\t\t\t\t\t\t\t\t<img decoding=\"async\" width=\"751\" height=\"422\" src=\"https:\/\/agro-kon.pl\/fr\/wp-content\/uploads\/2025\/01\/Czejeczyce-w2-WIDOK-3D-T04-768x432.jpg\" class=\"attachment-medium_large size-medium_large wp-image-3238\" alt=\"\" srcset=\"https:\/\/agro-kon.pl\/fr\/wp-content\/uploads\/2025\/01\/Czejeczyce-w2-WIDOK-3D-T04-768x432.jpg 768w, https:\/\/agro-kon.pl\/fr\/wp-content\/uploads\/2025\/01\/Czejeczyce-w2-WIDOK-3D-T04-300x169.jpg 300w, https:\/\/agro-kon.pl\/fr\/wp-content\/uploads\/2025\/01\/Czejeczyce-w2-WIDOK-3D-T04-1024x576.jpg 1024w, https:\/\/agro-kon.pl\/fr\/wp-content\/uploads\/2025\/01\/Czejeczyce-w2-WIDOK-3D-T04-1536x864.jpg 1536w, https:\/\/agro-kon.pl\/fr\/wp-content\/uploads\/2025\/01\/Czejeczyce-w2-WIDOK-3D-T04-2048x1152.jpg 2048w\" sizes=\"(max-width: 751px) 100vw, 751px\" \/>\t\t\t\t\t\t\t\t\t\t\t\t\t\t\t<\/div>\n\t\t\t\t<\/div>\n\t\t\t\t\t<\/div>\n\t\t\t\t<\/div>\n\t\t\t\t<\/div>\n\t\t","protected":false},"excerpt":{"rendered":"<p>Besoin d&#8217;aide? Nous sommes \u00e0 votre disposition ! +48 515 459 018 biuro.agrokon@gmail.com \u00c9crivez-nous ! AGRO-KONVotre soutien de confiance en agriculture Notre entreprise est synonyme de qualit\u00e9, d\u2019innovation et de fiabilit\u00e9 dans le secteur agricole. Nous sommes fiers d\u2019offrir des services complets qui accompagnent nos clients \u00e0 chaque \u00e9tape du stockage et du commerce des&#8230;<\/p>\n","protected":false},"author":1,"featured_media":0,"parent":0,"menu_order":0,"comment_status":"closed","ping_status":"closed","template":"template-builder.php","meta":{"footnotes":""},"class_list":["post-2743","page","type-page","status-publish","hentry"],"_links":{"self":[{"href":"https:\/\/agro-kon.pl\/fr\/wp-json\/wp\/v2\/pages\/2743","targetHints":{"allow":["GET"]}}],"collection":[{"href":"https:\/\/agro-kon.pl\/fr\/wp-json\/wp\/v2\/pages"}],"about":[{"href":"https:\/\/agro-kon.pl\/fr\/wp-json\/wp\/v2\/types\/page"}],"author":[{"embeddable":true,"href":"https:\/\/agro-kon.pl\/fr\/wp-json\/wp\/v2\/users\/1"}],"replies":[{"embeddable":true,"href":"https:\/\/agro-kon.pl\/fr\/wp-json\/wp\/v2\/comments?post=2743"}],"version-history":[{"count":36,"href":"https:\/\/agro-kon.pl\/fr\/wp-json\/wp\/v2\/pages\/2743\/revisions"}],"predecessor-version":[{"id":3276,"href":"https:\/\/agro-kon.pl\/fr\/wp-json\/wp\/v2\/pages\/2743\/revisions\/3276"}],"wp:attachment":[{"href":"https:\/\/agro-kon.pl\/fr\/wp-json\/wp\/v2\/media?parent=2743"}],"curies":[{"name":"wp","href":"https:\/\/api.w.org\/{rel}","templated":true}]}}