{"id":2789,"date":"2024-01-10T17:26:24","date_gmt":"2024-01-10T17:26:24","guid":{"rendered":"https:\/\/wordpress.validthemes.net\/agrica\/?page_id=2789"},"modified":"2025-01-25T11:19:30","modified_gmt":"2025-01-25T11:19:30","slug":"certificats","status":"publish","type":"page","link":"https:\/\/agro-kon.pl\/fr\/certificats\/","title":{"rendered":"Certificats"},"content":{"rendered":"\t\t<div data-elementor-type=\"wp-page\" data-elementor-id=\"2789\" class=\"elementor elementor-2789\">\n\t\t\t\t<div class=\"elementor-element elementor-element-cda4732 project-details-style-one e-flex e-con-boxed e-con e-parent\" data-id=\"cda4732\" data-element_type=\"container\">\n\t\t\t\t\t<div class=\"e-con-inner\">\n\t\t<div class=\"elementor-element elementor-element-bb0b493 e-con-full project-details-top e-flex e-con e-child\" data-id=\"bb0b493\" data-element_type=\"container\">\n\t\t\t\t<div class=\"elementor-element elementor-element-9767ba9 elementor-widget elementor-widget-image\" data-id=\"9767ba9\" data-element_type=\"widget\" data-widget_type=\"image.default\">\n\t\t\t\t<div class=\"elementor-widget-container\">\n\t\t\t\t\t\t\t\t\t\t\t\t\t\t\t<img fetchpriority=\"high\" decoding=\"async\" width=\"2560\" height=\"1241\" src=\"https:\/\/agro-kon.pl\/fr\/wp-content\/uploads\/2025\/01\/czajeczyce1-1-scaled.jpg\" class=\"attachment-full size-full wp-image-3234\" alt=\"\" srcset=\"https:\/\/agro-kon.pl\/fr\/wp-content\/uploads\/2025\/01\/czajeczyce1-1-scaled.jpg 2560w, https:\/\/agro-kon.pl\/fr\/wp-content\/uploads\/2025\/01\/czajeczyce1-1-300x145.jpg 300w, https:\/\/agro-kon.pl\/fr\/wp-content\/uploads\/2025\/01\/czajeczyce1-1-1024x496.jpg 1024w, https:\/\/agro-kon.pl\/fr\/wp-content\/uploads\/2025\/01\/czajeczyce1-1-768x372.jpg 768w, https:\/\/agro-kon.pl\/fr\/wp-content\/uploads\/2025\/01\/czajeczyce1-1-1536x744.jpg 1536w, https:\/\/agro-kon.pl\/fr\/wp-content\/uploads\/2025\/01\/czajeczyce1-1-2048x993.jpg 2048w\" sizes=\"(max-width: 2560px) 100vw, 2560px\" \/>\t\t\t\t\t\t\t\t\t\t\t\t\t\t\t<\/div>\n\t\t\t\t<\/div>\n\t\t\t\t<\/div>\n\t\t<div class=\"elementor-element elementor-element-f69c0b6 e-con-full project-detail-content e-flex e-con e-child\" data-id=\"f69c0b6\" data-element_type=\"container\">\n\t\t<div class=\"elementor-element elementor-element-4eb8be6 e-con-full e-flex e-con e-child\" data-id=\"4eb8be6\" data-element_type=\"container\">\n\t\t\t\t<div class=\"elementor-element elementor-element-df961f2 project-details-info elementor-widget elementor-widget-text-editor\" data-id=\"df961f2\" data-element_type=\"widget\" data-widget_type=\"text-editor.default\">\n\t\t\t\t<div class=\"elementor-widget-container\">\n\t\t\t\t\t\t\t\t\t<ul class=\"project-info bg-theme-secondary text-light\"><li><h4>Certificat<\/h4><p>GMP+ Feed Responsibility Assurance Model 2020<\/p><\/li><\/ul>\t\t\t\t\t\t\t\t<\/div>\n\t\t\t\t<\/div>\n\t\t\t\t<\/div>\n\t\t<div class=\"elementor-element elementor-element-e0d1c25 e-con-full item-grid-container e-flex e-con e-child\" data-id=\"e0d1c25\" data-element_type=\"container\">\n\t\t\t\t<div class=\"elementor-element elementor-element-2340210 elementor-widget elementor-widget-text-editor\" data-id=\"2340210\" data-element_type=\"widget\" data-widget_type=\"text-editor.default\">\n\t\t\t\t<div class=\"elementor-widget-container\">\n\t\t\t\t\t\t\t\t\t<div class=\"single-grid\"><div class=\"item-grid-colum\"><div class=\"left-info\"><h3>Experts certifi\u00e9s<\/h3><\/div><div class=\"right-info\"><p>Notre entreprise dispose d&#8217;un certificat GMP+ pour la production et le commerce responsables d&#8217;aliments pour animaux.<\/p><p>La certification GMP+ (Good Manufacturing Practice Plus) pour un commerce responsable d&#8217;aliments pour animaux est un syst\u00e8me international de gestion de la qualit\u00e9 et de la s\u00e9curit\u00e9 des aliments pour animaux con\u00e7u pour garantir que les aliments pour animaux tout au long de la cha\u00eene d&#8217;approvisionnement sont produits, transform\u00e9s, stock\u00e9s et distribu\u00e9s conform\u00e9ment aux normes de s\u00e9curit\u00e9 les plus \u00e9lev\u00e9es. Ce certificat couvre divers aspects li\u00e9s au commerce responsable et durable des aliments pour animaux.<\/p><\/div><\/div><\/div>\t\t\t\t\t\t\t\t<\/div>\n\t\t\t\t<\/div>\n\t\t\t\t<div class=\"elementor-element elementor-element-d7c4ce1 elementor-widget elementor-widget-text-editor\" data-id=\"d7c4ce1\" data-element_type=\"widget\" data-widget_type=\"text-editor.default\">\n\t\t\t\t<div class=\"elementor-widget-container\">\n\t\t\t\t\t\t\t\t\t<div class=\"single-grid\"><div class=\"item-grid-colum\"><div class=\"left-info\"><h3>Qu&#8217;est-ce que GMP+ FRA ?<\/h3><\/div><div class=\"right-info\"><p>GMP+ FRA met l\u2019accent sur la responsabilit\u00e9 sociale et environnementale dans la production d\u2019aliments pour animaux.<\/p><p><img decoding=\"async\" src=\"https:\/\/agro-kon.pl\/fr\/cert\/GMP+KK.jpg\" \/><\/p><\/div><\/div><\/div>\t\t\t\t\t\t\t\t<\/div>\n\t\t\t\t<\/div>\n\t\t\t\t<\/div>\n\t\t\t\t<\/div>\n\t\t\t\t\t<\/div>\n\t\t\t\t<\/div>\n\t\t\t\t<\/div>\n\t\t","protected":false},"excerpt":{"rendered":"<p>Certificat GMP+ Feed Responsibility Assurance Model 2020 Experts certifi\u00e9s Notre entreprise dispose d&#8217;un certificat GMP+ pour la production et le commerce responsables d&#8217;aliments pour animaux. La certification GMP+ (Good Manufacturing Practice Plus) pour un commerce responsable d&#8217;aliments pour animaux est un syst\u00e8me international de gestion de la qualit\u00e9 et de la s\u00e9curit\u00e9 des aliments pour&#8230;<\/p>\n","protected":false},"author":1,"featured_media":0,"parent":0,"menu_order":0,"comment_status":"closed","ping_status":"closed","template":"template-builder.php","meta":{"footnotes":""},"class_list":["post-2789","page","type-page","status-publish","hentry"],"_links":{"self":[{"href":"https:\/\/agro-kon.pl\/fr\/wp-json\/wp\/v2\/pages\/2789","targetHints":{"allow":["GET"]}}],"collection":[{"href":"https:\/\/agro-kon.pl\/fr\/wp-json\/wp\/v2\/pages"}],"about":[{"href":"https:\/\/agro-kon.pl\/fr\/wp-json\/wp\/v2\/types\/page"}],"author":[{"embeddable":true,"href":"https:\/\/agro-kon.pl\/fr\/wp-json\/wp\/v2\/users\/1"}],"replies":[{"embeddable":true,"href":"https:\/\/agro-kon.pl\/fr\/wp-json\/wp\/v2\/comments?post=2789"}],"version-history":[{"count":18,"href":"https:\/\/agro-kon.pl\/fr\/wp-json\/wp\/v2\/pages\/2789\/revisions"}],"predecessor-version":[{"id":3261,"href":"https:\/\/agro-kon.pl\/fr\/wp-json\/wp\/v2\/pages\/2789\/revisions\/3261"}],"wp:attachment":[{"href":"https:\/\/agro-kon.pl\/fr\/wp-json\/wp\/v2\/media?parent=2789"}],"curies":[{"name":"wp","href":"https:\/\/api.w.org\/{rel}","templated":true}]}}