{"id":2843,"date":"2024-01-12T08:28:45","date_gmt":"2024-01-12T08:28:45","guid":{"rendered":"https:\/\/wordpress.validthemes.net\/agrica\/?page_id=2843"},"modified":"2025-01-25T11:21:25","modified_gmt":"2025-01-25T11:21:25","slug":"equipe","status":"publish","type":"page","link":"https:\/\/agro-kon.pl\/fr\/equipe\/","title":{"rendered":"\u00c9quipe"},"content":{"rendered":"\t\t<div data-elementor-type=\"wp-page\" data-elementor-id=\"2843\" class=\"elementor elementor-2843\">\n\t\t\t\t<div class=\"elementor-element elementor-element-20fc175 e-con-full e-flex e-con e-parent\" data-id=\"20fc175\" data-element_type=\"container\">\n\t\t\t\t<div class=\"elementor-element elementor-element-1adbd57 elementor-widget elementor-widget-agricamemberinfo\" data-id=\"1adbd57\" data-element_type=\"widget\" data-widget_type=\"agricamemberinfo.default\">\n\t\t\t\t<div class=\"elementor-widget-container\">\n\t\t\t\t\t<!-----------------------Start Teammember Information-----------------------><div class=\"team-single-area\"><div class=\"container\"><div class=\"team-content-top\"><div class=\"row align-center\"><div class=\"col-lg-5 left-info mb-md-50 mb-xs-40\"><div class=\"thumb\"><img decoding=\"async\" src=\"https:\/\/agro-kon.pl\/fr\/wp-content\/uploads\/2025\/01\/kk.png\" alt=\"Konrad%20Kaczmarczyk%20AGRO KON\"  \/><\/div><\/div><div class=\"col-lg-7 right-info pl-80 pl-md-15 pl-xs-15\"><h2>Konrad Kaczmarczyk<\/h2><span>CEO<\/span><p>Konrad Kaczmarczyk \u2013 CEO d\u2019AGRO-KON \u2013 est un v\u00e9ritable agriculteur passionn\u00e9, dont la production en ces temps difficiles est s\u00e9curis\u00e9e gr\u00e2ce aux connaissances et aux investissements dans des plantes \u00e0 faibles besoins en apport d\u2019azote, tout en produisant son propre azote sur ses propres champs .<\/p><ul><\/ul><div class=\"social\"><div class=\"share-link\"><i class=\"fas fa-share-alt\"><\/i><ul><li><a  target=\"_blank\" rel=\"nofollow\" href=\"https:\/\/agro-kon.pl\/fr\/contact\/\"><svg aria-hidden=\"true\" class=\"e-font-icon-svg e-far-comment-alt\" viewBox=\"0 0 512 512\" xmlns=\"http:\/\/www.w3.org\/2000\/svg\"><path d=\"M448 0H64C28.7 0 0 28.7 0 64v288c0 35.3 28.7 64 64 64h96v84c0 7.1 5.8 12 12 12 2.4 0 4.9-.7 7.1-2.4L304 416h144c35.3 0 64-28.7 64-64V64c0-35.3-28.7-64-64-64zm16 352c0 8.8-7.2 16-16 16H288l-12.8 9.6L208 428v-60H64c-8.8 0-16-7.2-16-16V64c0-8.8 7.2-16 16-16h384c8.8 0 16 7.2 16 16v288z\"><\/path><\/svg><\/li><\/a><\/ul><\/div><\/div><\/div><\/div><\/div><\/div><\/div><!-----------------------End Teammember Information----------------------->\t\t\t\t<\/div>\n\t\t\t\t<\/div>\n\t\t\t\t<\/div>\n\t\t\t\t<\/div>\n\t\t","protected":false},"excerpt":{"rendered":"<p>Konrad Kaczmarczyk CEO Konrad Kaczmarczyk \u2013 CEO d\u2019AGRO-KON \u2013 est un v\u00e9ritable agriculteur passionn\u00e9, dont la production en ces temps difficiles est s\u00e9curis\u00e9e gr\u00e2ce aux connaissances et aux investissements dans des plantes \u00e0 faibles besoins en apport d\u2019azote, tout en produisant son propre azote sur ses propres champs .<\/p>\n","protected":false},"author":1,"featured_media":0,"parent":0,"menu_order":0,"comment_status":"closed","ping_status":"closed","template":"template-builder.php","meta":{"footnotes":""},"class_list":["post-2843","page","type-page","status-publish","hentry"],"_links":{"self":[{"href":"https:\/\/agro-kon.pl\/fr\/wp-json\/wp\/v2\/pages\/2843","targetHints":{"allow":["GET"]}}],"collection":[{"href":"https:\/\/agro-kon.pl\/fr\/wp-json\/wp\/v2\/pages"}],"about":[{"href":"https:\/\/agro-kon.pl\/fr\/wp-json\/wp\/v2\/types\/page"}],"author":[{"embeddable":true,"href":"https:\/\/agro-kon.pl\/fr\/wp-json\/wp\/v2\/users\/1"}],"replies":[{"embeddable":true,"href":"https:\/\/agro-kon.pl\/fr\/wp-json\/wp\/v2\/comments?post=2843"}],"version-history":[{"count":10,"href":"https:\/\/agro-kon.pl\/fr\/wp-json\/wp\/v2\/pages\/2843\/revisions"}],"predecessor-version":[{"id":3267,"href":"https:\/\/agro-kon.pl\/fr\/wp-json\/wp\/v2\/pages\/2843\/revisions\/3267"}],"wp:attachment":[{"href":"https:\/\/agro-kon.pl\/fr\/wp-json\/wp\/v2\/media?parent=2843"}],"curies":[{"name":"wp","href":"https:\/\/api.w.org\/{rel}","templated":true}]}}