{"id":3061,"date":"2025-01-18T20:29:29","date_gmt":"2025-01-18T20:29:29","guid":{"rendered":"https:\/\/agro-kon.pl\/fr\/?page_id=3061"},"modified":"2025-01-25T11:27:41","modified_gmt":"2025-01-25T11:27:41","slug":"politique","status":"publish","type":"page","link":"https:\/\/agro-kon.pl\/fr\/politique\/","title":{"rendered":"Politique de confidentialit\u00e9"},"content":{"rendered":"\n<h2 class=\"wp-block-heading\">Qui sommes-nous<\/h2>\n\n\n\n<p>L&#8217;adresse de notre site Web est : agro-kon.pl. Elle repr\u00e9sente la soci\u00e9t\u00e9 Konrad Kaczmarczyk AGRO-KON, enregistr\u00e9e \u00e0 Czaj\u0119czyce 53, Pologne.<\/p>\n\n\n\n<h2 class=\"wp-block-heading\"><strong>Administrateur des donn\u00e9es personnelles<\/strong><\/h2>\n\n\n\n<p>L&#8217;administrateur de vos donn\u00e9es personnelles est Konrad Kaczmarczyk AGRO-KON, dont le si\u00e8ge social est situ\u00e9 \u00e0 Czaj\u0119czyce 53, inscrite au CEIDG sous le num\u00e9ro NIP : 6821568466.<\/p>\n\n\n\n<p>Pour toute question relative \u00e0 la protection des donn\u00e9es personnelles, vous pouvez nous contacter \u00e0 l&#8217;adresse e-mail suivante : biuro.agrokon@gmail.com<\/p>\n\n\n\n<hr class=\"wp-block-separator has-alpha-channel-opacity\"\/>\n\n\n\n<h3 class=\"wp-block-heading\"><strong>Port\u00e9e des donn\u00e9es personnelles collect\u00e9es<\/strong><\/h3>\n\n\n\n<p>Nous pouvons collecter les informations personnelles suivantes via le formulaire de contact sur notre site Web :<\/p>\n\n\n\n<p>Nom (facultatif),<\/p>\n\n\n\n<p>Adresse e-mail (obligatoire),<\/p>\n\n\n\n<p>Num\u00e9ro de t\u00e9l\u00e9phone (facultatif),<\/p>\n\n\n\n<p>Le contenu du message envoy\u00e9 par l&#8217;utilisateur.<\/p>\n\n\n\n<p>La fourniture de donn\u00e9es personnelles est facultative, mais l&#8217;absence de fourniture d&#8217;une adresse e-mail emp\u00eachera l&#8217;envoi du formulaire.<\/p>\n\n\n\n<hr class=\"wp-block-separator has-alpha-channel-opacity\"\/>\n\n\n\n<h3 class=\"wp-block-heading\"><strong>Finalit\u00e9 du traitement des donn\u00e9es personnelles<\/strong><\/h3>\n\n\n\n<p>Nous traitons vos donn\u00e9es personnelles uniquement aux fins de :<\/p>\n\n\n\n<p>Fournir des r\u00e9ponses aux demandes de renseignements soumises,<\/p>\n\n\n\n<p>\u00c9tablir un contact dans le message envoy\u00e9,<\/p>\n\n\n\n<p>Archivage de la correspondance \u00e0 des fins probatoires et administratives.<\/p>\n\n\n\n<p>La base juridique du traitement des donn\u00e9es est votre consentement exprim\u00e9 en remplissant et en envoyant le formulaire de contact (article 6, paragraphe 1, lettre a du RGPD).<\/p>\n\n\n\n<hr class=\"wp-block-separator has-alpha-channel-opacity\"\/>\n\n\n\n<h3 class=\"wp-block-heading\"><strong>Destinataires des donn\u00e9es personnelles<\/strong><\/h3>\n\n\n\n<p>Vos donn\u00e9es peuvent \u00eatre partag\u00e9es avec des entit\u00e9s qui nous soutiennent dans le fonctionnement technique du site Web, telles que des fournisseurs d&#8217;h\u00e9bergement, des logiciels de gestion de contenu ou des fournisseurs de messagerie \u00e9lectronique. Nous ne transf\u00e9rons pas vos donn\u00e9es personnelles en dehors de l&#8217;Espace \u00e9conomique europ\u00e9en (EEE).<\/p>\n\n\n\n<hr class=\"wp-block-separator has-alpha-channel-opacity\"\/>\n\n\n\n<h3 class=\"wp-block-heading\"><strong>Dur\u00e9e de conservation des donn\u00e9es<\/strong><\/h3>\n\n\n\n<p>Nous conservons les donn\u00e9es personnelles pendant la p\u00e9riode n\u00e9cessaire \u00e0 la r\u00e9alisation de la finalit\u00e9 pour laquelle elles ont \u00e9t\u00e9 collect\u00e9es ou jusqu&#8217;\u00e0 ce que vous retiriez votre consentement \u00e0 leur traitement. Pass\u00e9 ce d\u00e9lai, les donn\u00e9es seront supprim\u00e9es.<\/p>\n\n\n\n<hr class=\"wp-block-separator has-alpha-channel-opacity\"\/>\n\n\n\n<h3 class=\"wp-block-heading\"><strong>Vos droits<\/strong><\/h3>\n\n\n\n<p>Vous avez le droit de :<\/p>\n\n\n\n<p>Acc\u00e8s \u00e0 vos donn\u00e9es personnelles,<\/p>\n\n\n\n<p>Corrigez vos donn\u00e9es si elles sont incorrectes ou incompl\u00e8tes,<\/p>\n\n\n\n<p>Supprimer vos donn\u00e9es (\u00ab droit \u00e0 l\u2019oubli \u00bb),<\/p>\n\n\n\n<p>Restrictions relatives au traitement des donn\u00e9es,<\/p>\n\n\n\n<p>Transf\u00e9rer des donn\u00e9es \u00e0 un autre administrateur,<\/p>\n\n\n\n<p>S&#8217;opposer au traitement des donn\u00e9es,<\/p>\n\n\n\n<p>Retirer votre consentement au traitement des donn\u00e9es \u00e0 tout moment (sans affecter la lic\u00e9it\u00e9 du traitement effectu\u00e9 avant le retrait du consentement).<\/p>\n\n\n\n<p>Pour exercer les droits ci-dessus, veuillez nous contacter \u00e0 l&#8217;adresse e-mail suivante : biuro.agrokon@gmail.com. Si vous estimez que nous traitons vos donn\u00e9es de mani\u00e8re illicite, vous avez le droit de d\u00e9poser une plainte aupr\u00e8s du pr\u00e9sident de l&#8217;Office de protection des donn\u00e9es personnelles (UODO).<\/p>\n\n\n\n<hr class=\"wp-block-separator has-alpha-channel-opacity\"\/>\n\n\n\n<h3 class=\"wp-block-heading\"><strong>Cookies<\/strong><\/h3>\n\n\n\n<p>Notre site Web utilise des cookies pour :<\/p>\n\n\n\n<p>Assurer le bon fonctionnement du site,<\/p>\n\n\n\n<p>Analyse du trafic du site Web \u00e0 l&#8217;aide d&#8217;outils d&#8217;analyse tels que Google Analytics,<\/p>\n\n\n\n<p>Am\u00e9liorer la fonctionnalit\u00e9 et le contenu du site.<\/p>\n\n\n\n<p>Vous pouvez contr\u00f4ler les cookies en utilisant les param\u00e8tres de votre navigateur. Si vous ne modifiez pas vos param\u00e8tres, vous acceptez l&#8217;utilisation de cookies.<\/p>\n\n\n\n<hr class=\"wp-block-separator has-alpha-channel-opacity\"\/>\n\n\n\n<h3 class=\"wp-block-heading\"><strong>Modifications de la politique de confidentialit\u00e9<\/strong><\/h3>\n\n\n\n<p>Nous nous r\u00e9servons le droit de modifier cette politique de confidentialit\u00e9 si des changements dans la loi ou le fonctionnement de notre site l&#8217;exigent. La version actuelle de la politique de confidentialit\u00e9 sera toujours disponible sur notre site Web.<\/p>\n\n\n\n<p>Si vous avez des questions sur notre politique de confidentialit\u00e9, veuillez nous contacter :<br>Courriel : biuro.agrokon@gmail.com<\/p>\n","protected":false},"excerpt":{"rendered":"<p>Qui sommes-nous L&#8217;adresse de notre site Web est : agro-kon.pl. Elle repr\u00e9sente la soci\u00e9t\u00e9 Konrad Kaczmarczyk AGRO-KON, enregistr\u00e9e \u00e0 Czaj\u0119czyce 53, Pologne. Administrateur des donn\u00e9es personnelles L&#8217;administrateur de vos donn\u00e9es personnelles est Konrad Kaczmarczyk AGRO-KON, dont le si\u00e8ge social est situ\u00e9 \u00e0 Czaj\u0119czyce 53, inscrite au CEIDG sous le num\u00e9ro NIP : 6821568466. Pour toute&#8230;<\/p>\n","protected":false},"author":1,"featured_media":0,"parent":0,"menu_order":0,"comment_status":"closed","ping_status":"closed","template":"","meta":{"footnotes":""},"class_list":["post-3061","page","type-page","status-publish","hentry","page--item"],"_links":{"self":[{"href":"https:\/\/agro-kon.pl\/fr\/wp-json\/wp\/v2\/pages\/3061","targetHints":{"allow":["GET"]}}],"collection":[{"href":"https:\/\/agro-kon.pl\/fr\/wp-json\/wp\/v2\/pages"}],"about":[{"href":"https:\/\/agro-kon.pl\/fr\/wp-json\/wp\/v2\/types\/page"}],"author":[{"embeddable":true,"href":"https:\/\/agro-kon.pl\/fr\/wp-json\/wp\/v2\/users\/1"}],"replies":[{"embeddable":true,"href":"https:\/\/agro-kon.pl\/fr\/wp-json\/wp\/v2\/comments?post=3061"}],"version-history":[{"count":5,"href":"https:\/\/agro-kon.pl\/fr\/wp-json\/wp\/v2\/pages\/3061\/revisions"}],"predecessor-version":[{"id":3273,"href":"https:\/\/agro-kon.pl\/fr\/wp-json\/wp\/v2\/pages\/3061\/revisions\/3273"}],"wp:attachment":[{"href":"https:\/\/agro-kon.pl\/fr\/wp-json\/wp\/v2\/media?parent=3061"}],"curies":[{"name":"wp","href":"https:\/\/api.w.org\/{rel}","templated":true}]}}