{"id":44,"date":"2024-01-04T18:03:20","date_gmt":"2024-01-04T18:03:20","guid":{"rendered":"https:\/\/wordpress.validthemes.net\/agrica\/?page_id=44"},"modified":"2025-01-30T20:12:15","modified_gmt":"2025-01-30T20:12:15","slug":"home-agriculture","status":"publish","type":"page","link":"https:\/\/agro-kon.pl\/fr\/","title":{"rendered":"Home"},"content":{"rendered":"\t\t<div data-elementor-type=\"wp-page\" data-elementor-id=\"44\" class=\"elementor elementor-44\">\n\t\t\t\t<div class=\"elementor-element elementor-element-3d4ae83 e-flex e-con-boxed e-con e-parent\" data-id=\"3d4ae83\" data-element_type=\"container\">\n\t\t\t\t\t<div class=\"e-con-inner\">\n\t\t\t\t<div class=\"elementor-element elementor-element-09d59e6 elementor-align-right elementor-widget elementor-widget-button\" data-id=\"09d59e6\" data-element_type=\"widget\" data-widget_type=\"button.default\">\n\t\t\t\t<div class=\"elementor-widget-container\">\n\t\t\t\t\t\t\t\t\t<div class=\"elementor-button-wrapper\">\n\t\t\t\t\t<a class=\"elementor-button elementor-button-link elementor-size-sm\" href=\"https:\/\/agro-kon.pl\/\">\n\t\t\t\t\t\t<span class=\"elementor-button-content-wrapper\">\n\t\t\t\t\t\t\t\t\t<span class=\"elementor-button-text\">Polski<\/span>\n\t\t\t\t\t<\/span>\n\t\t\t\t\t<\/a>\n\t\t\t\t<\/div>\n\t\t\t\t\t\t\t\t<\/div>\n\t\t\t\t<\/div>\n\t\t\t\t<div class=\"elementor-element elementor-element-3980720 elementor-align-right elementor-widget elementor-widget-button\" data-id=\"3980720\" data-element_type=\"widget\" data-widget_type=\"button.default\">\n\t\t\t\t<div class=\"elementor-widget-container\">\n\t\t\t\t\t\t\t\t\t<div class=\"elementor-button-wrapper\">\n\t\t\t\t\t<a class=\"elementor-button elementor-button-link elementor-size-sm\" href=\"https:\/\/agro-kon.pl\/en\/\">\n\t\t\t\t\t\t<span class=\"elementor-button-content-wrapper\">\n\t\t\t\t\t\t\t\t\t<span class=\"elementor-button-text\">English<\/span>\n\t\t\t\t\t<\/span>\n\t\t\t\t\t<\/a>\n\t\t\t\t<\/div>\n\t\t\t\t\t\t\t\t<\/div>\n\t\t\t\t<\/div>\n\t\t\t\t<div class=\"elementor-element elementor-element-051c58b elementor-widget elementor-widget-heading\" data-id=\"051c58b\" data-element_type=\"widget\" data-widget_type=\"heading.default\">\n\t\t\t\t<div class=\"elementor-widget-container\">\n\t\t\t\t\t<h5 class=\"elementor-heading-title elementor-size-default\">Languages \/ J\u0119zyk<\/h5>\t\t\t\t<\/div>\n\t\t\t\t<\/div>\n\t\t\t\t\t<\/div>\n\t\t\t\t<\/div>\n\t\t<div class=\"elementor-element elementor-element-f7a43e8 e-con-full e-flex e-con e-parent\" data-id=\"f7a43e8\" data-element_type=\"container\">\n\t\t\t\t<div class=\"elementor-element elementor-element-ba5084b elementor-widget elementor-widget-agricaaboutus\" data-id=\"ba5084b\" data-element_type=\"widget\" data-widget_type=\"agricaaboutus.default\">\n\t\t\t\t<div class=\"elementor-widget-container\">\n\t\t\t\t\t<div class=\"about-style-one-area default-padding overflow-hidden\"><div class=\"container\"><div class=\"row align-center\"><div class=\"col-xl-6 col-lg-5\"><div class=\"about-style-one-thumb\"><img decoding=\"async\" src=\"https:\/\/agro-kon.pl\/fr\/wp-content\/uploads\/2025\/01\/WhatsApp-Image-2025-01-28-at-16.52.14-2.jpeg\" alt=\"Konrad%20Kaczmarczyk%20AGRO KON\"  \/><div class=\"animation-shape\"><img decoding=\"async\" src=\"https:\/\/wordpress.validthemes.net\/agrica\/wp-content\/uploads\/2024\/01\/1.png\" alt=\"Konrad%20Kaczmarczyk%20AGRO KON\"  \/><\/div><\/div><\/div><div class=\"col-xl-5 offset-xl-1 col-lg-6 offset-lg-1\"><div class=\"about-style-one-info\"><h2 class=\"vt-title title\">Un partenaire de confiance pour chaque agriculteur polonais<\/h2><p class=\"vt-desc\">Nous sommes pr\u00e9sents sur le march\u00e9 agricole depuis 2011, offrant une gamme riche et \u00e9prouv\u00e9e de produits provenant de fournisseurs de confiance, des technologies modernes et efficaces et le soutien de conseillers agrotechniques qualifi\u00e9s.<\/p><div class=\"fun-fact-style-flex mt-35\"><div class=\"counter\"><\/div><\/div><ul class=\"top-feature\"><li><div class=\"icon\"><img decoding=\"async\" src=\"https:\/\/wordpress.validthemes.net\/agrica\/wp-content\/uploads\/2024\/01\/3.png\" alt=\"Konrad%20Kaczmarczyk%20AGRO KON\"  \/><\/div><div class=\"info\"><h4 class=\"vt-f-title\">Gamme compl\u00e8te de services<\/h4><p class=\"vt-f-text\">concernant le bl\u00e9, l&#039;orge, le ma\u00efs et les l\u00e9gumineuses<\/p><\/div><\/li><li><div class=\"icon\"><img decoding=\"async\" src=\"https:\/\/wordpress.validthemes.net\/agrica\/wp-content\/uploads\/2024\/01\/2-1.png\" alt=\"Konrad%20Kaczmarczyk%20AGRO KON\"  \/><\/div><div class=\"info\"><h4 class=\"vt-f-title\">Que faisons-nous ?<\/h4><p class=\"vt-f-text\">Nous achetons, examinons, nettoyons, s\u00e9chons et stockons.\nTout ce dont vous avez besoin !<\/p><\/div><\/li><\/ul><\/div><\/div><\/div><\/div><\/div>\t\t\t\t<\/div>\n\t\t\t\t<\/div>\n\t\t\t\t<\/div>\n\t\t<div class=\"elementor-element elementor-element-3b95fd2 e-con-full e-flex e-con e-parent\" data-id=\"3b95fd2\" data-element_type=\"container\">\n\t\t\t\t<div class=\"elementor-element elementor-element-5c85a71 elementor-widget elementor-widget-image\" data-id=\"5c85a71\" data-element_type=\"widget\" data-widget_type=\"image.default\">\n\t\t\t\t<div class=\"elementor-widget-container\">\n\t\t\t\t\t\t\t\t\t\t\t\t\t\t\t<img fetchpriority=\"high\" decoding=\"async\" width=\"2560\" height=\"1241\" src=\"https:\/\/agro-kon.pl\/fr\/wp-content\/uploads\/2025\/01\/czajeczyce1-1-scaled.jpg\" class=\"attachment-full size-full wp-image-3234\" alt=\"\" srcset=\"https:\/\/agro-kon.pl\/fr\/wp-content\/uploads\/2025\/01\/czajeczyce1-1-scaled.jpg 2560w, https:\/\/agro-kon.pl\/fr\/wp-content\/uploads\/2025\/01\/czajeczyce1-1-300x145.jpg 300w, https:\/\/agro-kon.pl\/fr\/wp-content\/uploads\/2025\/01\/czajeczyce1-1-1024x496.jpg 1024w, https:\/\/agro-kon.pl\/fr\/wp-content\/uploads\/2025\/01\/czajeczyce1-1-768x372.jpg 768w, https:\/\/agro-kon.pl\/fr\/wp-content\/uploads\/2025\/01\/czajeczyce1-1-1536x744.jpg 1536w, https:\/\/agro-kon.pl\/fr\/wp-content\/uploads\/2025\/01\/czajeczyce1-1-2048x993.jpg 2048w\" sizes=\"(max-width: 2560px) 100vw, 2560px\" \/>\t\t\t\t\t\t\t\t\t\t\t\t\t\t\t<\/div>\n\t\t\t\t<\/div>\n\t\t\t\t<\/div>\n\t\t<div class=\"elementor-element elementor-element-7463157 e-con-full e-flex e-con e-parent\" data-id=\"7463157\" data-element_type=\"container\">\n\t\t\t\t<div class=\"elementor-element elementor-element-88d26d4 elementor-widget elementor-widget-agricaservices\" data-id=\"88d26d4\" data-element_type=\"widget\" data-widget_type=\"agricaservices.default\">\n\t\t\t\t<div class=\"elementor-widget-container\">\n\t\t\t\t\t<div class=\"services-style-one-area\"><div class=\"shape-right-top\" style=\"background-image: url(https:\/\/wordpress.validthemes.net\/agrica\/wp-content\/uploads\/2024\/01\/9-1.png);\"><\/div><div class=\"container\"><div class=\"row\"><div class=\"col-lg-6 offset-lg-3\"><div class=\"site-heading text-center\"><h5 class=\"sub-title\">Qu&#039;est-ce qui nous distingue ?<\/h5><h2 class=\"title\">Une approche moderne de l\u2019agriculture<\/h2><\/div><\/div><\/div><div class=\"row\"><!-- Single Item --><div class=\"col-lg-4 col-md-6 service-one-single\"><div class=\"service-style-one-item\"><div class=\"thumb\"><img decoding=\"async\" src=\"https:\/\/agro-kon.pl\/fr\/wp-content\/uploads\/2025\/01\/tractor_hires.png\" alt=\"Konrad%20Kaczmarczyk%20AGRO KON\"  \/><\/div><div class=\"info\"><div class=\"top\"><h4 class=\"vt-f-title\"><a href=\"https:\/\/agro-kon.pl\/fr\/services\/\">Transport <span>propre<\/span><\/a><\/h4><\/div><p class=\"vt-f-text\">Le transport propre des c\u00e9r\u00e9ales permet un contr\u00f4le total de la logistique, garantissant des livraisons \u00e0 temps et minimisant les co\u00fbts.<\/p><\/div><a href=\"https:\/\/agro-kon.pl\/fr\/services\/\" class=\"btn-angle\"><i class=\"fas fa-arrow-right\"><\/i><\/a><\/div><\/div><!-- End Single Item --><!-- Single Item --><div class=\"col-lg-4 col-md-6 service-one-single\"><div class=\"service-style-one-item\"><div class=\"thumb\"><img decoding=\"async\" src=\"https:\/\/agro-kon.pl\/fr\/wp-content\/uploads\/2025\/01\/farm_hires.png\" alt=\"Konrad%20Kaczmarczyk%20AGRO KON\"  \/><\/div><div class=\"info\"><div class=\"top\"><h4 class=\"vt-f-title\"><a href=\"https:\/\/agro-kon.pl\/fr\/services\/\">Infrastructures <span>\u00e9tendues<\/span><\/a><\/h4><\/div><p class=\"vt-f-text\">Nous disposons d&#039;un entrep\u00f4t moderne, d&#039;une salle de s\u00e9chage et d&#039;une installation de nettoyage, ce qui permet un service complet et la plus haute qualit\u00e9 des grains stock\u00e9s.<\/p><\/div><a href=\"https:\/\/agro-kon.pl\/fr\/services\/\" class=\"btn-angle\"><i class=\"fas fa-arrow-right\"><\/i><\/a><\/div><\/div><!-- End Single Item --><!-- Single Item --><div class=\"col-lg-4 col-md-6 service-one-single\"><div class=\"service-style-one-item\"><div class=\"thumb\"><img decoding=\"async\" src=\"https:\/\/agro-kon.pl\/fr\/wp-content\/uploads\/2025\/01\/wheat_hires.png\" alt=\"Konrad%20Kaczmarczyk%20AGRO KON\"  \/><\/div><div class=\"info\"><div class=\"top\"><h4 class=\"vt-f-title\"><a href=\"https:\/\/agro-kon.pl\/fr\/services\/\">Recherche <span>avanc\u00e9e<\/span><\/a><\/h4><\/div><p class=\"vt-f-text\">Nous effectuons des tests d\u00e9taill\u00e9s sur les grains pour garantir leur haute qualit\u00e9 et leur conformit\u00e9 aux exigences du march\u00e9.<\/p><\/div><a href=\"https:\/\/agro-kon.pl\/fr\/services\/\" class=\"btn-angle\"><i class=\"fas fa-arrow-right\"><\/i><\/a><\/div><\/div><!-- End Single Item --><\/div><\/div><\/div>\t\t\t\t<\/div>\n\t\t\t\t<\/div>\n\t\t\t\t<\/div>\n\t\t<div class=\"elementor-element elementor-element-1dd0f1e e-con-full e-flex e-con e-parent\" data-id=\"1dd0f1e\" data-element_type=\"container\">\n\t\t\t\t<div class=\"elementor-element elementor-element-5fe8e21 elementor-widget elementor-widget-agricavideoarea\" data-id=\"5fe8e21\" data-element_type=\"widget\" data-widget_type=\"agricavideoarea.default\">\n\t\t\t\t<div class=\"elementor-widget-container\">\n\t\t\t\t\t<div class=\"benifits-area default-padding-top video-bg-live bg-cover mt--50 mt-md-0 mt-xs-0\" style=\"background-image: url(https:\/\/agro-kon.pl\/fr\/wp-content\/uploads\/2025\/01\/aerial-view-harvest-time-2023-11-27-04-49-58-utc-1-scaled-e1737488217284.jpg);\">\t\t        <div class=\"player\" data-property=\"{videoURL:'#',containment:'.video-bg-live', showControls:false, autoPlay:true, zoom:0, loop:true, mute:true, startAt:13, opacity:1, quality:'default'}\"><\/div><div class=\"shape-top-center\" style=\"background-image: url(#);\"><\/div><div class=\"container\"><div class=\"row\"><div class=\"col-xl-6 col-lg-7\"><div class=\"benifit-items text-light\"><div class=\"shape\"><img decoding=\"async\" src=\"https:\/\/wordpress.validthemes.net\/agrica\/wp-content\/uploads\/2024\/01\/8-1.png\" alt=\"Konrad%20Kaczmarczyk%20AGRO KON\"  \/><\/div><h2 class=\"vt-title title\">Exp\u00e9rience certifi\u00e9e<\/h2><p class=\"vt-desc\">Notre activit\u00e9 agricole est confirm\u00e9e par des certificats de qualit\u00e9, qui prouvent que nous r\u00e9pondons aux normes de production les plus \u00e9lev\u00e9es.<\/p><ul class=\"list-standard\"><li>GMP+ Feed Responsibility Assurance Module 2020<\/li><\/ul><\/div><\/div><\/div><\/div><\/div>\t\t\t\t<\/div>\n\t\t\t\t<\/div>\n\t\t\t\t<\/div>\n\t\t<div class=\"elementor-element elementor-element-5c6706e e-con-full e-flex e-con e-parent\" data-id=\"5c6706e\" data-element_type=\"container\">\n\t\t\t\t<div class=\"elementor-element elementor-element-a3bb997 elementor-widget elementor-widget-agricasproductcats\" data-id=\"a3bb997\" data-element_type=\"widget\" data-widget_type=\"agricasproductcats.default\">\n\t\t\t\t<div class=\"elementor-widget-container\">\n\t\t\t\t\t<div class=\"product-cat-area default-padding\"><div class=\"shape-right-bottom-mini\"><img decoding=\"async\" src=\"https:\/\/agro-kon.pl\/fr\/fr\/wp-content\/uploads\/2025\/01\/Farmer-Cartoon-01.png\" alt=\"Konrad%20Kaczmarczyk%20AGRO KON\"  \/><\/div><div class=\"container\"><div class=\"product-cat-items\"><div class=\"row align-center\"><div class=\"col-lg-5 product-cat-info\"><h2 class=\"mask-text\" style=\"background-image: url(https:\/\/wordpress.validthemes.net\/agrica\/wp-content\/uploads\/2024\/01\/17.jpg);\">Des produits sains pour une vie saine<\/h2><\/div><div class=\"col-lg-6 offset-lg-1\"><div class=\"product-cat-lists text-light\"><div class=\"product-list-box\"><!-- Single Item --><div class=\"product-list-item\"><a href=\"#\"><img decoding=\"async\" src=\"https:\/\/agro-kon.pl\/fr\/wp-content\/uploads\/2025\/01\/cerealplantsart-08.png\" alt=\"Konrad%20Kaczmarczyk%20AGRO KON\"  \/><h5 class=\"vt-f-title\">Orge<\/h5><\/a><\/div><!-- End Single Item --><!-- Single Item --><div class=\"product-list-item\"><a href=\"#\"><img decoding=\"async\" src=\"https:\/\/agro-kon.pl\/fr\/wp-content\/uploads\/2025\/01\/cerealplantsart-02.png\" alt=\"Konrad%20Kaczmarczyk%20AGRO KON\"  \/><h5 class=\"vt-f-title\">Bl\u00e9<\/h5><\/a><\/div><!-- End Single Item --><!-- Single Item --><div class=\"product-list-item\"><a href=\"#\"><img decoding=\"async\" src=\"https:\/\/agro-kon.pl\/fr\/wp-content\/uploads\/2025\/01\/cerealplantsart-01.png\" alt=\"Konrad%20Kaczmarczyk%20AGRO KON\"  \/><h5 class=\"vt-f-title\">Ma\u00efs<\/h5><\/a><\/div><!-- End Single Item --><!-- Single Item --><div class=\"product-list-item\"><a href=\"#\"><img decoding=\"async\" src=\"https:\/\/agro-kon.pl\/fr\/wp-content\/uploads\/2025\/01\/green-peas.png\" alt=\"Konrad%20Kaczmarczyk%20AGRO KON\"  \/><h5 class=\"vt-f-title\">L\u00e9gumineuses<\/h5><\/a><\/div><!-- End Single Item --><\/div><\/div><\/div><\/div><\/div><\/div><\/div>\t\t\t\t<\/div>\n\t\t\t\t<\/div>\n\t\t\t\t<\/div>\n\t\t<div class=\"elementor-element elementor-element-20e2226 e-con-full e-flex e-con e-parent\" data-id=\"20e2226\" data-element_type=\"container\" data-settings=\"{&quot;background_background&quot;:&quot;classic&quot;}\">\n\t\t\t\t<div class=\"elementor-element elementor-element-3c84207 elementor-widget elementor-widget-agricatestimonials\" data-id=\"3c84207\" data-element_type=\"widget\" data-widget_type=\"agricatestimonials.default\">\n\t\t\t\t<div class=\"elementor-widget-container\">\n\t\t\t\t\t<!------------------------------- Testimonials Area start -------------------------------><div class=\"testimonial-area\"><div class=\"container\"><div class=\"row\"><div class=\"col-xl-10 offset-xl-1\"><div class=\"testimonial-heading\"><h2 class=\"vt-f-title\">Qu&#039;est-ce qu&#039;on utilise?<\/h2><\/div><div class=\"testimonial-carousel testimonial-style-one swiper\"><!-- Additional required wrapper --><div class=\"swiper-wrapper\"><!-- Single item --><div class=\"swiper-slide\"><div class=\"testimonial-style-one\"><div class=\"thumb\"><img decoding=\"async\" src=\"https:\/\/agro-kon.pl\/fr\/wp-content\/uploads\/2025\/01\/WhatsApp-Image-2025-01-28-at-16.52.14-1.jpeg\" alt=\"Konrad%20Kaczmarczyk%20AGRO KON\"  \/><\/div><div class=\"info\"><img decoding=\"async\" src=\"https:\/\/wordpress.validthemes.net\/agrica\/wp-content\/uploads\/2024\/01\/quote-big.png\" alt=\"Konrad%20Kaczmarczyk%20AGRO KON\"  \/><p>La plateforme analytique int\u00e9gr\u00e9e Raptor est un outil moderne permettant de d\u00e9terminer la teneur en mycotoxines des produits agroalimentaires.<\/p><div class=\"provider\"><div class=\"content\"><h4>Plateforme d'analyse int\u00e9gr\u00e9e<\/h4><span>Raptor<\/span><\/div><div class=\"rating\"><i class=\"fas fa-star\"><\/i><i class=\"fas fa-star\"><\/i><i class=\"fas fa-star\"><\/i><i class=\"fas fa-star\"><\/i><i class=\"fas fa-star\"><\/i><\/div><\/div><\/div><\/div><\/div><!-- Single item --><div class=\"swiper-slide\"><div class=\"testimonial-style-one\"><div class=\"thumb\"><img decoding=\"async\" src=\"https:\/\/agro-kon.pl\/fr\/wp-content\/uploads\/2025\/01\/tractors-on-fresh-mowed-green-in-agricultural-gras-2023-11-27-05-17-29-utc-scaled.jpg\" alt=\"Konrad%20Kaczmarczyk%20AGRO KON\"  \/><\/div><div class=\"info\"><img decoding=\"async\" src=\"https:\/\/wordpress.validthemes.net\/agrica\/wp-content\/uploads\/2024\/01\/quote-big.png\" alt=\"Konrad%20Kaczmarczyk%20AGRO KON\"  \/><p>La plateforme am\u00e9liore l&#039;efficacit\u00e9 du travail en laboratoire, garantit une analyse objective des \u00e9chantillons et le stockage des r\u00e9sultats de mesure. De plus, il surveille en permanence les conditions de test, contr\u00f4le la temp\u00e9rature et le volume de l&#039;\u00e9chantillon pendant chaque mesure.<\/p><div class=\"provider\"><div class=\"content\"><h4>Plateforme d'analyse int\u00e9gr\u00e9e<\/h4><span>Raptor<\/span><\/div><div class=\"rating\"><i class=\"fas fa-star\"><\/i><i class=\"fas fa-star\"><\/i><i class=\"fas fa-star\"><\/i><i class=\"fas fa-star\"><\/i><i class=\"fas fa-star\"><\/i><\/div><\/div><\/div><\/div><\/div><!-- Single item --><div class=\"swiper-slide\"><div class=\"testimonial-style-one\"><div class=\"thumb\"><img decoding=\"async\" src=\"https:\/\/agro-kon.pl\/fr\/wp-content\/uploads\/2025\/01\/wheat-2024-11-27-22-48-24-utc-1-scaled.jpg\" alt=\"Konrad%20Kaczmarczyk%20AGRO KON\"  \/><\/div><div class=\"info\"><img decoding=\"async\" src=\"https:\/\/wordpress.validthemes.net\/agrica\/wp-content\/uploads\/2024\/01\/quote-big.png\" alt=\"Konrad%20Kaczmarczyk%20AGRO KON\"  \/><p>Reveal Q+ est un test immunochromatographique rapide sur bandelette qui, utilis\u00e9 avec le lecteur Raptor, permet la d\u00e9termination quantitative des mycotoxines dans les c\u00e9r\u00e9ales et les produits c\u00e9r\u00e9aliers.<\/p><div class=\"provider\"><div class=\"content\"><h4>Tests Reveal Q+<\/h4><\/div><div class=\"rating\"><i class=\"fas fa-star\"><\/i><i class=\"fas fa-star\"><\/i><i class=\"fas fa-star\"><\/i><i class=\"fas fa-star\"><\/i><i class=\"fas fa-star\"><\/i><\/div><\/div><\/div><\/div><\/div><\/div><\/div><\/div><\/div><\/div> <\/div><!--------------------------------- Testimonials Area end --------------------------------->\t\t\t\t<\/div>\n\t\t\t\t<\/div>\n\t\t\t\t<\/div>\n\t\t<div class=\"elementor-element elementor-element-94038f4 e-con-full e-flex e-con e-parent\" data-id=\"94038f4\" data-element_type=\"container\" data-settings=\"{&quot;background_background&quot;:&quot;classic&quot;}\">\n\t\t\t\t<div class=\"elementor-element elementor-element-a168c3b elementor-widget elementor-widget-agricacontactinfo\" data-id=\"a168c3b\" data-element_type=\"widget\" data-widget_type=\"agricacontactinfo.default\">\n\t\t\t\t<div class=\"elementor-widget-container\">\n\t\t\t\t\t<div class=\"contact-area overflow-hidden default-padding\"><div class=\"sahpe-right-bottom\"><img decoding=\"async\" src=\"https:\/\/wordpress.validthemes.net\/agrica\/wp-content\/uploads\/2024\/01\/16.png\" alt=\"Image Not Found\"><\/div><div class=\"container\"><div class=\"row align-center\"><div class=\"col-tact-stye-one col-xl-6 col-lg-7\"><div class=\"contact-form-style-one mb-md-50\"><img decoding=\"async\" src=\"https:\/\/wordpress.validthemes.net\/agrica\/wp-content\/uploads\/2024\/01\/10-2.png\" alt=\"Image Not Found\"><h5 class=\"sub-title\">Vous avez une question?<\/h5> <h2 class=\"heading\">Envoyez-nous un message.<\/h2>\n<div class=\"wpcf7 no-js\" id=\"wpcf7-f3012-o1\" lang=\"en-US\" dir=\"ltr\" data-wpcf7-id=\"3012\">\n<div class=\"screen-reader-response\"><p role=\"status\" aria-live=\"polite\" aria-atomic=\"true\"><\/p> <ul><\/ul><\/div>\n<form action=\"\/fr\/wp-json\/wp\/v2\/pages\/44#wpcf7-f3012-o1\" method=\"post\" class=\"wpcf7-form init\" aria-label=\"Contact form\" novalidate=\"novalidate\" data-status=\"init\">\n<div style=\"display: none;\">\n<input type=\"hidden\" name=\"_wpcf7\" value=\"3012\" \/>\n<input type=\"hidden\" name=\"_wpcf7_version\" value=\"6.0.3\" \/>\n<input type=\"hidden\" name=\"_wpcf7_locale\" value=\"en_US\" \/>\n<input type=\"hidden\" name=\"_wpcf7_unit_tag\" value=\"wpcf7-f3012-o1\" \/>\n<input type=\"hidden\" name=\"_wpcf7_container_post\" value=\"0\" \/>\n<input type=\"hidden\" name=\"_wpcf7_posted_data_hash\" value=\"\" \/>\n<\/div>\n<div  class=\"contact-form contact-form\">\n\t<div class=\"row\">\n\t\t<div class=\"col-lg-12\">\n\t\t\t<div class=\"form-group\">\n\t\t\t\t<p><span class=\"wpcf7-form-control-wrap\" data-name=\"text-903\"><input size=\"40\" maxlength=\"400\" class=\"wpcf7-form-control wpcf7-text wpcf7-validates-as-required form-control\" id=\"text-903\" aria-required=\"true\" aria-invalid=\"false\" placeholder=\"Nom\" value=\"\" type=\"text\" name=\"text-903\" \/><\/span>\n\t\t\t\t<\/p>\n\t\t\t<\/div>\n\t\t<\/div>\n\t<\/div>\n\t<div class=\"row\">\n\t\t<div class=\"col-lg-6\">\n\t\t\t<div class=\"form-group\">\n\t\t\t\t<p><span class=\"wpcf7-form-control-wrap\" data-name=\"email-58\"><input size=\"40\" maxlength=\"400\" class=\"wpcf7-form-control wpcf7-email wpcf7-validates-as-required wpcf7-text wpcf7-validates-as-email form-control\" id=\"email-58\" aria-required=\"true\" aria-invalid=\"false\" placeholder=\"Email*\" value=\"\" type=\"email\" name=\"email-58\" \/><\/span>\n\t\t\t\t<\/p>\n\t\t\t<\/div>\n\t\t<\/div>\n\t\t<div class=\"col-lg-6\">\n\t\t\t<div class=\"form-group\">\n\t\t\t\t<p><span class=\"wpcf7-form-control-wrap\" data-name=\"text-238\"><input size=\"40\" maxlength=\"400\" class=\"wpcf7-form-control wpcf7-text form-control\" id=\"text-238\" aria-invalid=\"false\" placeholder=\"T\u00e9l\u00e9phone\" value=\"\" type=\"text\" name=\"text-238\" \/><\/span>\n\t\t\t\t<\/p>\n\t\t\t<\/div>\n\t\t<\/div>\n\t<\/div>\n\t<div class=\"row\">\n\t\t<div class=\"col-lg-12\">\n\t\t\t<div class=\"form-group comments\">\n\t\t\t\t<p><span class=\"wpcf7-form-control-wrap\" data-name=\"textarea-630\"><textarea cols=\"40\" rows=\"10\" maxlength=\"2000\" class=\"wpcf7-form-control wpcf7-textarea wpcf7-validates-as-required form-control\" id=\"textarea-630\" aria-required=\"true\" aria-invalid=\"false\" placeholder=\"Contenu du message*\" name=\"textarea-630\"><\/textarea><\/span>\n\t\t\t\t<\/p>\n\t\t\t<\/div>\n\t\t<\/div>\n\t<\/div>\n\t<div class=\"row\">\n\t\t<div class=\"col-lg-12\">\n\t\t\t<p><button type=\"submit\" name=\"submit\" id=\"submit\" class=\"wpcf7\"><i class=\"fa fa-paper-plane\"><\/i>Envoyer<\/button>\n\t\t\t<\/p>\n\t\t<\/div>\n\t<\/div>\n <!-- Alert Message -->\n\t<div class=\"col-lg-12 alert-notification\">\n\t\t<div id=\"message\" class=\"alert-msg\">\n\t\t<\/div>\n\t<\/div>\n<\/div><div class=\"wpcf7-response-output\" aria-hidden=\"true\"><\/div>\n<\/form>\n<\/div>\n<\/div><\/div><div class=\"col-tact-stye-one col-xl-5 offset-xl-1 col-lg-5\"><div class=\"contact-style-one-info text-light\"><h2>Contact<\/h2><ul><li><div class=\"content\"><h5 class=\"title\">T\u00e9l\u00e9phone<\/h5><a href=\"tel:+48515459018\">+48 515 459 018<\/a><\/div><\/li><li><div class=\"info\"><h5 class=\"title\">Notre emplacement<\/h5><p>Czaj\u0119czyce 53, 32-100 Proszowice, Pologne<\/p><\/div><\/li><li><div class=\"info\"><h5 class=\"title\">E-mail<\/h5><a href=\"mailto:biuro.agrokon@gmail.com\">biuro.agrokon@gmail.com<\/a><\/div><\/li><\/ul><\/div><\/div><\/div><\/div><\/div>\t\t\t\t<\/div>\n\t\t\t\t<\/div>\n\t\t\t\t<\/div>\n\t\t\t\t<\/div>\n\t\t","protected":false},"excerpt":{"rendered":"<p>Polski English Languages \/ J\u0119zyk Un partenaire de confiance pour chaque agriculteur polonais Nous sommes pr\u00e9sents sur le march\u00e9 agricole depuis 2011, offrant une gamme riche et \u00e9prouv\u00e9e de produits provenant de fournisseurs de confiance, des technologies modernes et efficaces et le soutien de conseillers agrotechniques qualifi\u00e9s. Gamme compl\u00e8te de services concernant le bl\u00e9, l&#039;orge,&#8230;<\/p>\n","protected":false},"author":1,"featured_media":0,"parent":0,"menu_order":0,"comment_status":"closed","ping_status":"closed","template":"template-builder.php","meta":{"footnotes":""},"class_list":["post-44","page","type-page","status-publish","hentry"],"_links":{"self":[{"href":"https:\/\/agro-kon.pl\/fr\/wp-json\/wp\/v2\/pages\/44","targetHints":{"allow":["GET"]}}],"collection":[{"href":"https:\/\/agro-kon.pl\/fr\/wp-json\/wp\/v2\/pages"}],"about":[{"href":"https:\/\/agro-kon.pl\/fr\/wp-json\/wp\/v2\/types\/page"}],"author":[{"embeddable":true,"href":"https:\/\/agro-kon.pl\/fr\/wp-json\/wp\/v2\/users\/1"}],"replies":[{"embeddable":true,"href":"https:\/\/agro-kon.pl\/fr\/wp-json\/wp\/v2\/comments?post=44"}],"version-history":[{"count":74,"href":"https:\/\/agro-kon.pl\/fr\/wp-json\/wp\/v2\/pages\/44\/revisions"}],"predecessor-version":[{"id":3290,"href":"https:\/\/agro-kon.pl\/fr\/wp-json\/wp\/v2\/pages\/44\/revisions\/3290"}],"wp:attachment":[{"href":"https:\/\/agro-kon.pl\/fr\/wp-json\/wp\/v2\/media?parent=44"}],"curies":[{"name":"wp","href":"https:\/\/api.w.org\/{rel}","templated":true}]}}